{"id":147,"date":"2021-01-19T09:01:48","date_gmt":"2021-01-19T09:01:48","guid":{"rendered":"https:\/\/www.vidrestramun.com\/inicio\/"},"modified":"2025-03-31T01:39:25","modified_gmt":"2025-03-31T01:39:25","slug":"inicio","status":"publish","type":"page","link":"https:\/\/www.vidrestramun.com\/es\/","title":{"rendered":"Inicio"},"content":{"rendered":"<div id='full_slider_1'  class='avia-fullwidth-slider main_color avia-shadow   avia-builder-el-0  el_before_av_one_half  avia-builder-el-first   container_wrap sidebar_right'  >\n<style type=\"text\/css\" data-created_by=\"avia_inline_auto\" id=\"style-css-av-kk2fh05b-8c29b7c7a1a851f9d6c6b8ff75732f78\">\n#top #wrap_all .avia-slideshow .av-slideshow-caption.av-kk2fh05b-8c29b7c7a1a851f9d6c6b8ff75732f78__0 .avia-caption-title{\nfont-size:40px;\n}\n#top .avia-slideshow .av-slideshow-caption.av-kk2fh05b-8c29b7c7a1a851f9d6c6b8ff75732f78__0 .avia-caption-content{\nfont-size:30px;\n}\n#top .avia-slideshow .av-slideshow-caption.av-kk2fh05b-8c29b7c7a1a851f9d6c6b8ff75732f78__0 .avia-caption-content p{\nfont-size:30px;\n}\n<\/style>\n<div  class='avia-slideshow av-kk2fh05b-8c29b7c7a1a851f9d6c6b8ff75732f78 avia-slideshow-featured av_slideshow_full avia-slide-slider av-slideshow-ui av-control-default av-slideshow-manual av-loop-once av-loop-manual-endless av-default-height-applied   avia-slideshow-1' data-slideshow-options=\"{&quot;animation&quot;:&quot;slide&quot;,&quot;autoplay&quot;:false,&quot;loop_autoplay&quot;:&quot;once&quot;,&quot;interval&quot;:5,&quot;loop_manual&quot;:&quot;manual-endless&quot;,&quot;autoplay_stopper&quot;:false,&quot;noNavigation&quot;:false,&quot;bg_slider&quot;:false,&quot;keep_padding&quot;:false,&quot;hoverpause&quot;:false,&quot;show_slide_delay&quot;:0}\"  itemprop=\"image\" itemscope=\"itemscope\" itemtype=\"https:\/\/schema.org\/ImageObject\" ><ul class='avia-slideshow-inner ' style='padding-bottom: 30.367231638418%;'><li  class='avia-slideshow-slide av-kk2fh05b-8c29b7c7a1a851f9d6c6b8ff75732f78__0  av-single-slide slide-1 slide-odd'><div data-rel='slideshow-1' class='avia-slide-wrap '   ><div class='av-slideshow-caption av-kk2fh05b-8c29b7c7a1a851f9d6c6b8ff75732f78__0 caption_fullwidth caption_left caption_left_framed caption_framed'><div class=\"container caption_container\"><div class=\"slideshow_caption\"><div class=\"slideshow_inner_caption\"><div class=\"slideshow_align_caption\"><h2 class='avia-caption-title '  itemprop=\"name\" >Vidres Tramun<\/h2><div class='avia-caption-content '  itemprop=\"description\" ><p>Especializados en la colocaci\u00f3n y manipulaci\u00f3n de vidrios, espejos y mamparas.<\/p>\n<\/div><\/div><\/div><\/div><\/div><\/div><img decoding=\"async\" fetchpriority=\"high\" class=\"wp-image-227 avia-img-lazy-loading-not-227\"  src=\"https:\/\/www.vidrestramun.com\/wp-content\/uploads\/2021\/05\/WhatsApp-Image-2021-05-14-at-15.39.16-1-1416x430.jpeg\" width=\"1416\" height=\"430\" title='WhatsApp Image 2021-05-14 at 15.39.16 (1)' alt=''  itemprop=\"thumbnailUrl\"   \/><\/div><\/li><\/ul><\/div><\/div><div id='after_full_slider_1'  class='main_color av_default_container_wrap container_wrap sidebar_right'  ><div class='container av-section-cont-open' ><div class='template-page content  av-content-small alpha units'><div class='post-entry post-entry-type-page post-entry-147'><div class='entry-content-wrapper clearfix'>\n\n<style type=\"text\/css\" data-created_by=\"avia_inline_auto\" id=\"style-css-av-4p2k-5bc87c750c3a9976489bd9312efdf76e\">\n.flex_column.av-4p2k-5bc87c750c3a9976489bd9312efdf76e{\nborder-radius:0px 0px 0px 0px;\npadding:0px 0px 0px 0px;\n}\n<\/style>\n<div  class='flex_column av-4p2k-5bc87c750c3a9976489bd9312efdf76e av_one_half  avia-builder-el-1  el_after_av_slideshow_full  el_before_av_one_half  avia-builder-el-first  first flex_column_div av-zero-column-padding  '     ><style type=\"text\/css\" data-created_by=\"avia_inline_auto\" id=\"style-css-av-kk2g2sdp-2cb3be112241d00894aee85ad405940b\">\n.avia-image-container.av-kk2g2sdp-2cb3be112241d00894aee85ad405940b img.avia_image{\nbox-shadow:none;\n}\n.avia-image-container.av-kk2g2sdp-2cb3be112241d00894aee85ad405940b .av-image-caption-overlay-center{\ncolor:#ffffff;\n}\n<\/style>\n<div  class='avia-image-container av-kk2g2sdp-2cb3be112241d00894aee85ad405940b av-styling- avia-align-center  avia-builder-el-2  avia-builder-el-no-sibling '   itemprop=\"image\" itemscope=\"itemscope\" itemtype=\"https:\/\/schema.org\/ImageObject\" ><div class=\"avia-image-container-inner\"><div class=\"avia-image-overlay-wrap\"><img decoding=\"async\" loading=\"lazy\" class='wp-image-76 avia-img-lazy-loading-76 avia_image ' src=\"https:\/\/www.vidrestramun.com\/wp-content\/uploads\/2021\/01\/fachada-vidres-tramun.jpg\" alt='fachada vidres tramun' title='fachada vidres tramun'  height=\"290\" width=\"438\"  itemprop=\"thumbnailUrl\" srcset=\"https:\/\/www.vidrestramun.com\/wp-content\/uploads\/2021\/01\/fachada-vidres-tramun.jpg 438w, https:\/\/www.vidrestramun.com\/wp-content\/uploads\/2021\/01\/fachada-vidres-tramun-300x199.jpg 300w\" sizes=\"auto, (max-width: 438px) 100vw, 438px\" \/><\/div><\/div><\/div><\/div>\n\n<style type=\"text\/css\" data-created_by=\"avia_inline_auto\" id=\"style-css-av-16hkc-a5f527e6aa672077f173acdbd0a024e3\">\n.flex_column.av-16hkc-a5f527e6aa672077f173acdbd0a024e3{\nborder-radius:0px 0px 0px 0px;\npadding:0px 0px 0px 0px;\n}\n<\/style>\n<div  class='flex_column av-16hkc-a5f527e6aa672077f173acdbd0a024e3 av_one_half  avia-builder-el-3  el_after_av_one_half  el_before_av_hr  flex_column_div av-zero-column-padding  '     ><p>\n<style type=\"text\/css\" data-created_by=\"avia_inline_auto\" id=\"style-css-av-126uw-186bd7843efc7dd8b86f29290e7b35aa\">\n#top .av-special-heading.av-126uw-186bd7843efc7dd8b86f29290e7b35aa{\npadding-bottom:10px;\n}\nbody .av-special-heading.av-126uw-186bd7843efc7dd8b86f29290e7b35aa .av-special-heading-tag .heading-char{\nfont-size:25px;\n}\n.av-special-heading.av-126uw-186bd7843efc7dd8b86f29290e7b35aa .av-subheading{\nfont-size:15px;\n}\n<\/style>\n<div  class='av-special-heading av-126uw-186bd7843efc7dd8b86f29290e7b35aa av-special-heading-h2  avia-builder-el-4  el_before_av_textblock  avia-builder-el-first '><h2 class='av-special-heading-tag '  itemprop=\"headline\"  >Bienvenidos a Vidres Tramun<\/h2><div class=\"special-heading-border\"><div class=\"special-heading-inner-border\"><\/div><\/div><\/div><br \/>\n\n<style type=\"text\/css\" data-created_by=\"avia_inline_auto\" id=\"style-css-av-kk2g5itc-63de93d6ec12dd3fabe5feb490ef9aef\">\n#top .av_textblock_section.av-kk2g5itc-63de93d6ec12dd3fabe5feb490ef9aef .avia_textblock{\nfont-size:18px;\n}\n<\/style>\n<section  class='av_textblock_section av-kk2g5itc-63de93d6ec12dd3fabe5feb490ef9aef '   itemscope=\"itemscope\" itemtype=\"https:\/\/schema.org\/CreativeWork\" ><div class='avia_textblock'  itemprop=\"text\" ><p>En <strong>Vidres Tramun<\/strong> nos dedicamos a la colocaci\u00f3n y suministro de vidrios, espejos y mamparas. Los trabajos que realizamos son de \u00f3ptima calidad y ajustados a las exigencias de nuestros clientes. Adem\u00e1s, le daremos un completo asesoramiento. Nos puede encontrar en Vilfant, Girona.<\/p>\n<\/div><\/section><\/p><\/div>\n<div  class='hr av-2spg-f241fdf461d2d6b5f3ad63a46aa93673 hr-default  avia-builder-el-6  el_after_av_one_half  el_before_av_one_half '><span class='hr-inner '><span class=\"hr-inner-style\"><\/span><\/span><\/div>\n\n<style type=\"text\/css\" data-created_by=\"avia_inline_auto\" id=\"style-css-av-16hkc-69003efccd187e1ff54a7964bd5e4423\">\n.flex_column.av-16hkc-69003efccd187e1ff54a7964bd5e4423{\nborder-radius:0px 0px 0px 0px;\npadding:0px 0px 0px 0px;\n}\n<\/style>\n<div  class='flex_column av-16hkc-69003efccd187e1ff54a7964bd5e4423 av_one_half  avia-builder-el-7  el_after_av_hr  el_before_av_one_half  first flex_column_div av-zero-column-padding  '     ><p>\n<style type=\"text\/css\" data-created_by=\"avia_inline_auto\" id=\"style-css-av-2x3yo-5db299d018b83a96560faad6411fdd16\">\n#top .av-special-heading.av-2x3yo-5db299d018b83a96560faad6411fdd16{\npadding-bottom:10px;\n}\nbody .av-special-heading.av-2x3yo-5db299d018b83a96560faad6411fdd16 .av-special-heading-tag .heading-char{\nfont-size:25px;\n}\n.av-special-heading.av-2x3yo-5db299d018b83a96560faad6411fdd16 .av-subheading{\nfont-size:15px;\n}\n<\/style>\n<div  class='av-special-heading av-2x3yo-5db299d018b83a96560faad6411fdd16 av-special-heading-h2  avia-builder-el-8  el_before_av_textblock  avia-builder-el-first '><h2 class='av-special-heading-tag '  itemprop=\"headline\"  >Nuestros servicios<\/h2><div class=\"special-heading-border\"><div class=\"special-heading-inner-border\"><\/div><\/div><\/div><br \/>\n\n<style type=\"text\/css\" data-created_by=\"avia_inline_auto\" id=\"style-css-av-kk2g5itc-63de93d6ec12dd3fabe5feb490ef9aef\">\n#top .av_textblock_section.av-kk2g5itc-63de93d6ec12dd3fabe5feb490ef9aef .avia_textblock{\nfont-size:18px;\n}\n<\/style>\n<section  class='av_textblock_section av-kk2g5itc-63de93d6ec12dd3fabe5feb490ef9aef '   itemscope=\"itemscope\" itemtype=\"https:\/\/schema.org\/CreativeWork\" ><div class='avia_textblock'  itemprop=\"text\" ><p>En <strong>Vidres Tramun<\/strong> damos un servicio de primera calidad en trabajos de vidrier\u00eda y cristaler\u00eda. Adem\u00e1s, tambi\u00e9n somos especialistas en la colocaci\u00f3n y suministro de vidrio y trabajos a medida.<\/p>\n<\/div><\/section><\/p><\/div>\n\n<style type=\"text\/css\" data-created_by=\"avia_inline_auto\" id=\"style-css-av-yh50-7e8be0b317bb5059043600680f6762f2\">\n.flex_column.av-yh50-7e8be0b317bb5059043600680f6762f2{\nborder-radius:0px 0px 0px 0px;\npadding:0px 0px 0px 0px;\n}\n<\/style>\n<div  class='flex_column av-yh50-7e8be0b317bb5059043600680f6762f2 av_one_half  avia-builder-el-10  el_after_av_one_half  el_before_av_hr  flex_column_div av-zero-column-padding  '     ><style type=\"text\/css\" data-created_by=\"avia_inline_auto\" id=\"style-css-av-kk2g2sdp-00c58618642f8e3a1c411d28be3eaf54\">\n.avia-image-container.av-kk2g2sdp-00c58618642f8e3a1c411d28be3eaf54 img.avia_image{\nbox-shadow:none;\n}\n.avia-image-container.av-kk2g2sdp-00c58618642f8e3a1c411d28be3eaf54 .av-image-caption-overlay-center{\ncolor:#ffffff;\n}\n<\/style>\n<div  class='avia-image-container av-kk2g2sdp-00c58618642f8e3a1c411d28be3eaf54 av-styling- avia-align-center  avia-builder-el-11  avia-builder-el-no-sibling '   itemprop=\"image\" itemscope=\"itemscope\" itemtype=\"https:\/\/schema.org\/ImageObject\" ><div class=\"avia-image-container-inner\"><div class=\"avia-image-overlay-wrap\"><img decoding=\"async\" loading=\"lazy\" class='wp-image-73 avia-img-lazy-loading-73 avia_image ' src=\"https:\/\/www.vidrestramun.com\/wp-content\/uploads\/2021\/01\/camion-vidres-tramun.jpg\" alt='camion vidres tramun' title='camion vidres tramun'  height=\"339\" width=\"512\"  itemprop=\"thumbnailUrl\" srcset=\"https:\/\/www.vidrestramun.com\/wp-content\/uploads\/2021\/01\/camion-vidres-tramun.jpg 512w, https:\/\/www.vidrestramun.com\/wp-content\/uploads\/2021\/01\/camion-vidres-tramun-300x199.jpg 300w\" sizes=\"auto, (max-width: 512px) 100vw, 512px\" \/><\/div><\/div><\/div><\/div>\n<div  class='hr av-2spg-f241fdf461d2d6b5f3ad63a46aa93673 hr-default  avia-builder-el-12  el_after_av_one_half  el_before_av_one_half '><span class='hr-inner '><span class=\"hr-inner-style\"><\/span><\/span><\/div>\n\n<style type=\"text\/css\" data-created_by=\"avia_inline_auto\" id=\"style-css-av-yh50-0ba2066ba51e55e8ab7f65b7a824de16\">\n.flex_column.av-yh50-0ba2066ba51e55e8ab7f65b7a824de16{\nborder-radius:0px 0px 0px 0px;\npadding:0px 0px 0px 0px;\n}\n<\/style>\n<div  class='flex_column av-yh50-0ba2066ba51e55e8ab7f65b7a824de16 av_one_half  avia-builder-el-13  el_after_av_hr  el_before_av_one_half  first flex_column_div av-zero-column-padding  '     ><p>\n<style type=\"text\/css\" data-created_by=\"avia_inline_auto\" id=\"style-css-av-zxj4-133dec1ef2804e0a21b9b5c028bab318\">\n#top .av-special-heading.av-zxj4-133dec1ef2804e0a21b9b5c028bab318{\npadding-bottom:10px;\n}\nbody .av-special-heading.av-zxj4-133dec1ef2804e0a21b9b5c028bab318 .av-special-heading-tag .heading-char{\nfont-size:25px;\n}\n.av-special-heading.av-zxj4-133dec1ef2804e0a21b9b5c028bab318 .av-subheading{\nfont-size:15px;\n}\n<\/style>\n<div  class='av-special-heading av-zxj4-133dec1ef2804e0a21b9b5c028bab318 av-special-heading-h2  avia-builder-el-14  el_before_av_hr  avia-builder-el-first '><h2 class='av-special-heading-tag '  itemprop=\"headline\"  >\u00bfPor qu\u00e9 confiar en Vidres Tramun?<\/h2><div class=\"special-heading-border\"><div class=\"special-heading-inner-border\"><\/div><\/div><\/div><br \/>\n\n<style type=\"text\/css\" data-created_by=\"avia_inline_auto\" id=\"style-css-av-2spg-231346858db7c01c90c357fd2747ea90\">\n#top .hr.hr-invisible.av-2spg-231346858db7c01c90c357fd2747ea90{\nheight:30px;\n}\n<\/style>\n<div  class='hr av-2spg-231346858db7c01c90c357fd2747ea90 hr-invisible  avia-builder-el-15  el_after_av_heading  el_before_av_image '><span class='hr-inner '><span class=\"hr-inner-style\"><\/span><\/span><\/div><br \/>\n\n<style type=\"text\/css\" data-created_by=\"avia_inline_auto\" id=\"style-css-av-kk2g2sdp-074a4cfda85bdf4f8233a15873934497\">\n.avia-image-container.av-kk2g2sdp-074a4cfda85bdf4f8233a15873934497 img.avia_image{\nbox-shadow:none;\n}\n.avia-image-container.av-kk2g2sdp-074a4cfda85bdf4f8233a15873934497 .av-image-caption-overlay-center{\ncolor:#ffffff;\n}\n<\/style>\n<div  class='avia-image-container av-kk2g2sdp-074a4cfda85bdf4f8233a15873934497 av-styling- avia-align-center  avia-builder-el-16  el_after_av_hr  avia-builder-el-last '   itemprop=\"image\" itemscope=\"itemscope\" itemtype=\"https:\/\/schema.org\/ImageObject\" ><div class=\"avia-image-container-inner\"><div class=\"avia-image-overlay-wrap\"><img decoding=\"async\" loading=\"lazy\" class='wp-image-50 avia-img-lazy-loading-50 avia_image ' src=\"https:\/\/www.vidrestramun.com\/wp-content\/uploads\/2021\/01\/cristales-home-1.jpg\" alt='vidres girona' title='cristales home'  height=\"238\" width=\"512\"  itemprop=\"thumbnailUrl\" srcset=\"https:\/\/www.vidrestramun.com\/wp-content\/uploads\/2021\/01\/cristales-home-1.jpg 512w, https:\/\/www.vidrestramun.com\/wp-content\/uploads\/2021\/01\/cristales-home-1-300x139.jpg 300w\" sizes=\"auto, (max-width: 512px) 100vw, 512px\" \/><\/div><\/div><\/div><\/p><\/div>\n\n<style type=\"text\/css\" data-created_by=\"avia_inline_auto\" id=\"style-css-av-16hkc-a5f527e6aa672077f173acdbd0a024e3\">\n.flex_column.av-16hkc-a5f527e6aa672077f173acdbd0a024e3{\nborder-radius:0px 0px 0px 0px;\npadding:0px 0px 0px 0px;\n}\n<\/style>\n<div  class='flex_column av-16hkc-a5f527e6aa672077f173acdbd0a024e3 av_one_half  avia-builder-el-17  el_after_av_one_half  avia-builder-el-last  flex_column_div av-zero-column-padding  '     ><style type=\"text\/css\" data-created_by=\"avia_inline_auto\" id=\"style-css-av-kk2hjo92-ab66808bbcf098b49d38dee9aa623113\">\n#top .avia-icon-list-container.av-kk2hjo92-ab66808bbcf098b49d38dee9aa623113 .iconlist_icon{\nbackground-color:#fe5d48;\n}\n#top #wrap_all .avia-icon-list-container.av-kk2hjo92-ab66808bbcf098b49d38dee9aa623113 .av_iconlist_title{\nfont-size:20px;\ncolor:#000000;\n}\n.avia-icon-list-container.av-kk2hjo92-ab66808bbcf098b49d38dee9aa623113 .iconlist_content{\nfont-size:18px;\n}\n<\/style>\n<div  class='avia-icon-list-container av-kk2hjo92-ab66808bbcf098b49d38dee9aa623113  avia-builder-el-18  avia-builder-el-no-sibling '><ul class='avia-icon-list avia_animate_when_almost_visible avia-icon-list-left av-iconlist-big av-kk2hjo92-ab66808bbcf098b49d38dee9aa623113 avia-iconlist-animate'>\n<li><div class='iconlist_icon av-2c30o-98861d45ce8442660ad458f47cab3689 avia-font-entypo-fontello avia-iconfont avia-font-entypo-fontello'><span class='av-icon-char' data-av_icon='\ue80a' data-av_iconfont='entypo-fontello' aria-hidden=\"true\"><\/span><\/div><article class=\"article-icon-entry \"  itemscope=\"itemscope\" itemtype=\"https:\/\/schema.org\/CreativeWork\" ><div class=\"iconlist_content_wrap\"><header class=\"entry-content-header\" aria-label=\"Icon: Profesionalidad\"><h4 class='av_iconlist_title iconlist_title  av_inherit_color'  itemprop=\"headline\" >Profesionalidad<\/h4><\/header><div class='iconlist_content '  itemprop=\"text\" ><p>Nuestra experiencia y nuestros clientes nos avalan.<\/p>\n<\/div><\/div><footer class=\"entry-footer\"><\/footer><\/article><div class=\"iconlist-timeline\"><\/div><\/li>\n<li><div class='iconlist_icon av-19g78-6a2b10759aa837f9181a87072d15c273 avia-font-entypo-fontello avia-iconfont avia-font-entypo-fontello'><span class='av-icon-char' data-av_icon='\ue82b' data-av_iconfont='entypo-fontello' aria-hidden=\"true\"><\/span><\/div><article class=\"article-icon-entry \"  itemscope=\"itemscope\" itemtype=\"https:\/\/schema.org\/CreativeWork\" ><div class=\"iconlist_content_wrap\"><header class=\"entry-content-header\" aria-label=\"Icon: Relaci\u00f3n calidad-precio\"><h4 class='av_iconlist_title iconlist_title  av_inherit_color'  itemprop=\"headline\" >Relaci\u00f3n calidad-precio<\/h4><\/header><div class='iconlist_content '  itemprop=\"text\" ><p>Ofrecemos un servicio de primera calidad a un precio para todos los bolsillos.<\/p>\n<\/div><\/div><footer class=\"entry-footer\"><\/footer><\/article><div class=\"iconlist-timeline\"><\/div><\/li>\n<li><div class='iconlist_icon av-yos0-c5ab6ecc915c6b33d63fcf457a1f66ac avia-font-entypo-fontello avia-iconfont avia-font-entypo-fontello'><span class='av-icon-char' data-av_icon='\ue83c' data-av_iconfont='entypo-fontello' aria-hidden=\"true\"><\/span><\/div><article class=\"article-icon-entry \"  itemscope=\"itemscope\" itemtype=\"https:\/\/schema.org\/CreativeWork\" ><div class=\"iconlist_content_wrap\"><header class=\"entry-content-header\" aria-label=\"Icon: Asesoramiento\"><h4 class='av_iconlist_title iconlist_title  av_inherit_color'  itemprop=\"headline\" >Asesoramiento<\/h4><\/header><div class='iconlist_content '  itemprop=\"text\" ><p>Aconsejamos y asesoramos al cliente desde que comenzamos nuestro trabajo hasta que la acabamos.<\/p>\n<\/div><\/div><footer class=\"entry-footer\"><\/footer><\/article><div class=\"iconlist-timeline\"><\/div><\/li>\n<\/ul><\/div><\/div>\n","protected":false},"excerpt":{"rendered":"","protected":false},"author":1,"featured_media":0,"parent":0,"menu_order":0,"comment_status":"closed","ping_status":"closed","template":"","meta":{"footnotes":""},"class_list":["post-147","page","type-page","status-publish","hentry"],"yoast_head":"<!-- This site is optimized with the Yoast SEO plugin v27.2 - https:\/\/yoast.com\/product\/yoast-seo-wordpress\/ -->\n<title>Inicio &#8226; Vidres Tramun<\/title>\n<meta name=\"robots\" content=\"index, follow, max-snippet:-1, max-image-preview:large, max-video-preview:-1\" \/>\n<link rel=\"canonical\" href=\"https:\/\/www.vidrestramun.com\/es\/\" \/>\n<meta property=\"og:locale\" content=\"es_ES\" \/>\n<meta property=\"og:type\" content=\"article\" \/>\n<meta property=\"og:title\" content=\"Inicio &#8226; Vidres Tramun\" \/>\n<meta property=\"og:url\" content=\"https:\/\/www.vidrestramun.com\/es\/\" \/>\n<meta property=\"og:site_name\" content=\"Vidres Tramun\" \/>\n<meta property=\"article:modified_time\" content=\"2025-03-31T01:39:25+00:00\" \/>\n<meta name=\"twitter:card\" content=\"summary_large_image\" \/>\n<meta name=\"twitter:label1\" content=\"Tiempo de lectura\" \/>\n\t<meta name=\"twitter:data1\" content=\"10 minutos\" \/>\n<script type=\"application\/ld+json\" class=\"yoast-schema-graph\">{\"@context\":\"https:\/\/schema.org\",\"@graph\":[{\"@type\":\"WebPage\",\"@id\":\"https:\/\/www.vidrestramun.com\/es\/\",\"url\":\"https:\/\/www.vidrestramun.com\/es\/\",\"name\":\"Inicio &#8226; Vidres Tramun\",\"isPartOf\":{\"@id\":\"https:\/\/www.vidrestramun.com\/es\/#website\"},\"datePublished\":\"2021-01-19T09:01:48+00:00\",\"dateModified\":\"2025-03-31T01:39:25+00:00\",\"breadcrumb\":{\"@id\":\"https:\/\/www.vidrestramun.com\/es\/#breadcrumb\"},\"inLanguage\":\"es\",\"potentialAction\":[{\"@type\":\"ReadAction\",\"target\":[\"https:\/\/www.vidrestramun.com\/es\/\"]}]},{\"@type\":\"BreadcrumbList\",\"@id\":\"https:\/\/www.vidrestramun.com\/es\/#breadcrumb\",\"itemListElement\":[{\"@type\":\"ListItem\",\"position\":1,\"name\":\"Portada\",\"item\":\"https:\/\/www.vidrestramun.com\/es\/\"},{\"@type\":\"ListItem\",\"position\":2,\"name\":\"Inicio\"}]},{\"@type\":\"WebSite\",\"@id\":\"https:\/\/www.vidrestramun.com\/es\/#website\",\"url\":\"https:\/\/www.vidrestramun.com\/es\/\",\"name\":\"Vidres Tramun\",\"description\":\"Col\u00b7locaci\u00f3 i manipul\u00b7laci\u00f3 de vidres\",\"publisher\":{\"@id\":\"https:\/\/www.vidrestramun.com\/es\/#organization\"},\"potentialAction\":[{\"@type\":\"SearchAction\",\"target\":{\"@type\":\"EntryPoint\",\"urlTemplate\":\"https:\/\/www.vidrestramun.com\/es\/?s={search_term_string}\"},\"query-input\":{\"@type\":\"PropertyValueSpecification\",\"valueRequired\":true,\"valueName\":\"search_term_string\"}}],\"inLanguage\":\"es\"},{\"@type\":\"Organization\",\"@id\":\"https:\/\/www.vidrestramun.com\/es\/#organization\",\"name\":\"Vidres Tramun\",\"url\":\"https:\/\/www.vidrestramun.com\/es\/\",\"logo\":{\"@type\":\"ImageObject\",\"inLanguage\":\"es\",\"@id\":\"https:\/\/www.vidrestramun.com\/es\/#\/schema\/logo\/image\/\",\"url\":\"https:\/\/www.vidrestramun.com\/wp-content\/uploads\/2021\/03\/vidrestramun-nou.jpg\",\"contentUrl\":\"https:\/\/www.vidrestramun.com\/wp-content\/uploads\/2021\/03\/vidrestramun-nou.jpg\",\"width\":500,\"height\":500,\"caption\":\"Vidres Tramun\"},\"image\":{\"@id\":\"https:\/\/www.vidrestramun.com\/es\/#\/schema\/logo\/image\/\"}}]}<\/script>\n<!-- \/ Yoast SEO plugin. -->","yoast_head_json":{"title":"Inicio &#8226; Vidres Tramun","robots":{"index":"index","follow":"follow","max-snippet":"max-snippet:-1","max-image-preview":"max-image-preview:large","max-video-preview":"max-video-preview:-1"},"canonical":"https:\/\/www.vidrestramun.com\/es\/","og_locale":"es_ES","og_type":"article","og_title":"Inicio &#8226; Vidres Tramun","og_url":"https:\/\/www.vidrestramun.com\/es\/","og_site_name":"Vidres Tramun","article_modified_time":"2025-03-31T01:39:25+00:00","twitter_card":"summary_large_image","twitter_misc":{"Tiempo de lectura":"10 minutos"},"schema":{"@context":"https:\/\/schema.org","@graph":[{"@type":"WebPage","@id":"https:\/\/www.vidrestramun.com\/es\/","url":"https:\/\/www.vidrestramun.com\/es\/","name":"Inicio &#8226; Vidres Tramun","isPartOf":{"@id":"https:\/\/www.vidrestramun.com\/es\/#website"},"datePublished":"2021-01-19T09:01:48+00:00","dateModified":"2025-03-31T01:39:25+00:00","breadcrumb":{"@id":"https:\/\/www.vidrestramun.com\/es\/#breadcrumb"},"inLanguage":"es","potentialAction":[{"@type":"ReadAction","target":["https:\/\/www.vidrestramun.com\/es\/"]}]},{"@type":"BreadcrumbList","@id":"https:\/\/www.vidrestramun.com\/es\/#breadcrumb","itemListElement":[{"@type":"ListItem","position":1,"name":"Portada","item":"https:\/\/www.vidrestramun.com\/es\/"},{"@type":"ListItem","position":2,"name":"Inicio"}]},{"@type":"WebSite","@id":"https:\/\/www.vidrestramun.com\/es\/#website","url":"https:\/\/www.vidrestramun.com\/es\/","name":"Vidres Tramun","description":"Col\u00b7locaci\u00f3 i manipul\u00b7laci\u00f3 de vidres","publisher":{"@id":"https:\/\/www.vidrestramun.com\/es\/#organization"},"potentialAction":[{"@type":"SearchAction","target":{"@type":"EntryPoint","urlTemplate":"https:\/\/www.vidrestramun.com\/es\/?s={search_term_string}"},"query-input":{"@type":"PropertyValueSpecification","valueRequired":true,"valueName":"search_term_string"}}],"inLanguage":"es"},{"@type":"Organization","@id":"https:\/\/www.vidrestramun.com\/es\/#organization","name":"Vidres Tramun","url":"https:\/\/www.vidrestramun.com\/es\/","logo":{"@type":"ImageObject","inLanguage":"es","@id":"https:\/\/www.vidrestramun.com\/es\/#\/schema\/logo\/image\/","url":"https:\/\/www.vidrestramun.com\/wp-content\/uploads\/2021\/03\/vidrestramun-nou.jpg","contentUrl":"https:\/\/www.vidrestramun.com\/wp-content\/uploads\/2021\/03\/vidrestramun-nou.jpg","width":500,"height":500,"caption":"Vidres Tramun"},"image":{"@id":"https:\/\/www.vidrestramun.com\/es\/#\/schema\/logo\/image\/"}}]}},"_links":{"self":[{"href":"https:\/\/www.vidrestramun.com\/es\/wp-json\/wp\/v2\/pages\/147","targetHints":{"allow":["GET"]}}],"collection":[{"href":"https:\/\/www.vidrestramun.com\/es\/wp-json\/wp\/v2\/pages"}],"about":[{"href":"https:\/\/www.vidrestramun.com\/es\/wp-json\/wp\/v2\/types\/page"}],"author":[{"embeddable":true,"href":"https:\/\/www.vidrestramun.com\/es\/wp-json\/wp\/v2\/users\/1"}],"replies":[{"embeddable":true,"href":"https:\/\/www.vidrestramun.com\/es\/wp-json\/wp\/v2\/comments?post=147"}],"version-history":[{"count":6,"href":"https:\/\/www.vidrestramun.com\/es\/wp-json\/wp\/v2\/pages\/147\/revisions"}],"predecessor-version":[{"id":234,"href":"https:\/\/www.vidrestramun.com\/es\/wp-json\/wp\/v2\/pages\/147\/revisions\/234"}],"wp:attachment":[{"href":"https:\/\/www.vidrestramun.com\/es\/wp-json\/wp\/v2\/media?parent=147"}],"curies":[{"name":"wp","href":"https:\/\/api.w.org\/{rel}","templated":true}]}}